{"id":950,"date":"2021-04-23T06:55:04","date_gmt":"2021-04-23T06:55:04","guid":{"rendered":"https:\/\/thebbmakeup.com\/index.php\/about\/"},"modified":"2023-11-10T15:33:06","modified_gmt":"2023-11-10T14:33:06","slug":"about","status":"publish","type":"page","link":"https:\/\/thebbmakeup.com\/index.php\/about\/","title":{"rendered":"About"},"content":{"rendered":"\t\t<div data-elementor-type=\"wp-page\" data-elementor-id=\"950\" class=\"elementor elementor-950\">\n\t\t\t\t\t\t\t\t\t<section class=\"elementor-section elementor-top-section elementor-element elementor-element-83d8d17 elementor-section-boxed elementor-section-height-default elementor-section-height-default\" data-id=\"83d8d17\" data-element_type=\"section\" data-settings=\"{&quot;background_background&quot;:&quot;classic&quot;}\">\n\t\t\t\t\t\t<div class=\"elementor-container elementor-column-gap-no\">\n\t\t\t\t\t<div class=\"elementor-column elementor-col-100 elementor-top-column elementor-element elementor-element-70e39c2\" data-id=\"70e39c2\" data-element_type=\"column\">\n\t\t\t<div class=\"elementor-widget-wrap elementor-element-populated\">\n\t\t\t\t\t\t\t\t<div class=\"elementor-element elementor-element-a046c6f elementor-widget elementor-widget-heading\" data-id=\"a046c6f\" data-element_type=\"widget\" data-widget_type=\"heading.default\">\n\t\t\t\t<div class=\"elementor-widget-container\">\n\t\t\t<style>\/*! elementor - v3.16.0 - 17-10-2023 *\/\n.elementor-heading-title{padding:0;margin:0;line-height:1}.elementor-widget-heading .elementor-heading-title[class*=elementor-size-]>a{color:inherit;font-size:inherit;line-height:inherit}.elementor-widget-heading .elementor-heading-title.elementor-size-small{font-size:15px}.elementor-widget-heading .elementor-heading-title.elementor-size-medium{font-size:19px}.elementor-widget-heading .elementor-heading-title.elementor-size-large{font-size:29px}.elementor-widget-heading .elementor-heading-title.elementor-size-xl{font-size:39px}.elementor-widget-heading .elementor-heading-title.elementor-size-xxl{font-size:59px}<\/style><h1 class=\"elementor-heading-title elementor-size-default\">Su di me<\/h1>\t\t<\/div>\n\t\t\t\t<\/div>\n\t\t\t\t\t<\/div>\n\t\t<\/div>\n\t\t\t\t\t\t\t<\/div>\n\t\t<\/section>\n\t\t\t\t<section class=\"elementor-section elementor-top-section elementor-element elementor-element-ca024ef elementor-section-content-middle elementor-section-boxed elementor-section-height-default elementor-section-height-default\" data-id=\"ca024ef\" data-element_type=\"section\" data-settings=\"{&quot;background_background&quot;:&quot;classic&quot;}\">\n\t\t\t\t\t\t<div class=\"elementor-container elementor-column-gap-no\">\n\t\t\t\t\t<div class=\"elementor-column elementor-col-66 elementor-top-column elementor-element elementor-element-84d8e7d\" data-id=\"84d8e7d\" data-element_type=\"column\">\n\t\t\t<div class=\"elementor-widget-wrap elementor-element-populated\">\n\t\t\t\t\t\t\t\t<div class=\"elementor-element elementor-element-3b305d0 elementor-widget elementor-widget-heading\" data-id=\"3b305d0\" data-element_type=\"widget\" data-widget_type=\"heading.default\">\n\t\t\t\t<div class=\"elementor-widget-container\">\n\t\t\t<h2 class=\"elementor-heading-title elementor-size-default\">Chi sono?<\/h2>\t\t<\/div>\n\t\t\t\t<\/div>\n\t\t\t\t<div class=\"elementor-element elementor-element-eeca957 elementor-widget elementor-widget-text-editor\" data-id=\"eeca957\" data-element_type=\"widget\" data-widget_type=\"text-editor.default\">\n\t\t\t\t<div class=\"elementor-widget-container\">\n\t\t\t<style>\/*! elementor - v3.16.0 - 17-10-2023 *\/\n.elementor-widget-text-editor.elementor-drop-cap-view-stacked .elementor-drop-cap{background-color:#69727d;color:#fff}.elementor-widget-text-editor.elementor-drop-cap-view-framed .elementor-drop-cap{color:#69727d;border:3px solid;background-color:transparent}.elementor-widget-text-editor:not(.elementor-drop-cap-view-default) .elementor-drop-cap{margin-top:8px}.elementor-widget-text-editor:not(.elementor-drop-cap-view-default) .elementor-drop-cap-letter{width:1em;height:1em}.elementor-widget-text-editor .elementor-drop-cap{float:left;text-align:center;line-height:1;font-size:50px}.elementor-widget-text-editor .elementor-drop-cap-letter{display:inline-block}<\/style>\t\t\t\t\t\t\t\t\t\t<\/div>\n\t\t\t\t<\/div>\n\t\t\t\t<div class=\"elementor-element elementor-element-5192110 elementor-widget elementor-widget-text-editor\" data-id=\"5192110\" data-element_type=\"widget\" data-widget_type=\"text-editor.default\">\n\t\t\t\t<div class=\"elementor-widget-container\">\n\t\t\t\t\t\t\t<div class=\"elementor-element elementor-element-c1e8312 elementor-widget elementor-widget-text-editor\" data-id=\"c1e8312\" data-element_type=\"widget\" data-widget_type=\"text-editor.default\"><div class=\"elementor-widget-container\"><p>Sono Beatrice, Make-up Artist , Lashmaker, Dermopigmentista con esperienza pluriennale nel settore del Beauty.<\/p><\/div><\/div><div class=\"elementor-element elementor-element-f7095d4 elementor-widget elementor-widget-text-editor\" data-id=\"f7095d4\" data-element_type=\"widget\" data-widget_type=\"text-editor.default\"><div class=\"elementor-widget-container\"><p>Se stai cercando una MUA che sappia valorizzarti senza stravolgerti nel tuo giorno pi\u00f9 bello, sono la professionista che fa per te .<\/p><p>Il Make-up per me non \u00e8 solo del semplice trucco sul viso, ma \u00e8 un modo per far esprimere al meglio la personalit\u00e0 di ognuno di noi, senza coprire le caratteristiche che rendono uniche la persona.<\/p><p>Questa filosofia io la utilizzo anche nell\u2019evoluzione del mio mestiere , infatti mi occupo anche di extension ciglia, laminazione ciglia, laminazione sopracciglia e dermopigmentazione.<\/p><p>Isomma la tua bellezza nelle mie mani \u00e8 al sicuro, formo la mia figura professionale continuamente in modo da tenermi sempre aggiornata sulle ultime tendenze.\u00a0<\/p><p>Il mondo del Beauty infatti \u00e8 in continua evoluzione e il professionista giusto per te lo deve essere di conseguenza.<\/p><\/div><\/div>\t\t\t\t\t\t<\/div>\n\t\t\t\t<\/div>\n\t\t\t\t\t<\/div>\n\t\t<\/div>\n\t\t\t\t<div class=\"elementor-column elementor-col-33 elementor-top-column elementor-element elementor-element-d757ef3\" data-id=\"d757ef3\" data-element_type=\"column\">\n\t\t\t<div class=\"elementor-widget-wrap elementor-element-populated\">\n\t\t\t\t\t\t\t\t<div class=\"elementor-element elementor-element-6de7607 elementor-widget elementor-widget-image\" data-id=\"6de7607\" data-element_type=\"widget\" data-widget_type=\"image.default\">\n\t\t\t\t<div class=\"elementor-widget-container\">\n\t\t\t<style>\/*! elementor - v3.16.0 - 17-10-2023 *\/\n.elementor-widget-image{text-align:center}.elementor-widget-image a{display:inline-block}.elementor-widget-image a img[src$=\".svg\"]{width:48px}.elementor-widget-image img{vertical-align:middle;display:inline-block}<\/style>\t\t\t\t\t\t\t\t\t\t\t\t<img decoding=\"async\" loading=\"lazy\" width=\"768\" height=\"1150\" src=\"https:\/\/thebbmakeup.com\/wp-content\/uploads\/2023\/10\/ROS4371-768x1150.jpg\" class=\"attachment-medium_large size-medium_large wp-image-1385\" alt=\"\" srcset=\"https:\/\/thebbmakeup.com\/wp-content\/uploads\/2023\/10\/ROS4371-768x1150.jpg 768w, https:\/\/thebbmakeup.com\/wp-content\/uploads\/2023\/10\/ROS4371-200x300.jpg 200w, https:\/\/thebbmakeup.com\/wp-content\/uploads\/2023\/10\/ROS4371-684x1024.jpg 684w, https:\/\/thebbmakeup.com\/wp-content\/uploads\/2023\/10\/ROS4371-1025x1536.jpg 1025w, https:\/\/thebbmakeup.com\/wp-content\/uploads\/2023\/10\/ROS4371-1367x2048.jpg 1367w, https:\/\/thebbmakeup.com\/wp-content\/uploads\/2023\/10\/ROS4371-600x899.jpg 600w, https:\/\/thebbmakeup.com\/wp-content\/uploads\/2023\/10\/ROS4371-scaled.jpg 1709w\" sizes=\"(max-width: 768px) 100vw, 768px\" \/>\t\t\t\t\t\t\t\t\t\t\t\t\t\t\t<\/div>\n\t\t\t\t<\/div>\n\t\t\t\t\t<\/div>\n\t\t<\/div>\n\t\t\t\t\t\t\t<\/div>\n\t\t<\/section>\n\t\t\t\t<section class=\"elementor-section elementor-top-section elementor-element elementor-element-12727fa elementor-section-content-middle elementor-section-boxed elementor-section-height-default elementor-section-height-default\" data-id=\"12727fa\" data-element_type=\"section\" data-settings=\"{&quot;background_background&quot;:&quot;classic&quot;}\">\n\t\t\t\t\t\t<div class=\"elementor-container elementor-column-gap-no\">\n\t\t\t\t\t<div class=\"elementor-column elementor-col-66 elementor-top-column elementor-element elementor-element-03f62b4\" data-id=\"03f62b4\" data-element_type=\"column\">\n\t\t\t<div class=\"elementor-widget-wrap elementor-element-populated\">\n\t\t\t\t\t\t\t\t<div class=\"elementor-element elementor-element-be0e895 elementor-widget elementor-widget-heading\" data-id=\"be0e895\" data-element_type=\"widget\" data-widget_type=\"heading.default\">\n\t\t\t\t<div class=\"elementor-widget-container\">\n\t\t\t<h2 class=\"elementor-heading-title elementor-size-default\">Chiamami per fissare un appuntamento<\/h2>\t\t<\/div>\n\t\t\t\t<\/div>\n\t\t\t\t\t<\/div>\n\t\t<\/div>\n\t\t\t\t<div class=\"elementor-column elementor-col-33 elementor-top-column elementor-element elementor-element-0a71b76\" data-id=\"0a71b76\" data-element_type=\"column\">\n\t\t\t<div class=\"elementor-widget-wrap elementor-element-populated\">\n\t\t\t\t\t\t\t\t<div class=\"elementor-element elementor-element-09d74f7 elementor-align-center elementor-tablet-align-right elementor-mobile-align-center elementor-widget elementor-widget-button\" data-id=\"09d74f7\" data-element_type=\"widget\" data-widget_type=\"button.default\">\n\t\t\t\t<div class=\"elementor-widget-container\">\n\t\t\t\t\t<div class=\"elementor-button-wrapper\">\n\t\t\t<a class=\"elementor-button elementor-button-link elementor-size-sm\" href=\"https:\/\/api.whatsapp.com\/send?phone=%2B393453104384&#038;text&#038;app_absent=0\">\n\t\t\t\t\t\t<span class=\"elementor-button-content-wrapper\">\n\t\t\t\t\t\t<span class=\"elementor-button-icon elementor-align-icon-left\">\n\t\t\t\t<i aria-hidden=\"true\" class=\"fas fa-phone-alt\"><\/i>\t\t\t<\/span>\n\t\t\t\t\t\t<span class=\"elementor-button-text\">+39 3453104384<\/span>\n\t\t<\/span>\n\t\t\t\t\t<\/a>\n\t\t<\/div>\n\t\t\t\t<\/div>\n\t\t\t\t<\/div>\n\t\t\t\t\t<\/div>\n\t\t<\/div>\n\t\t\t\t\t\t\t<\/div>\n\t\t<\/section>\n\t\t\t\t\t\t\t<\/div>\n\t\t","protected":false},"excerpt":{"rendered":"<p>Su di me Chi sono? Sono Beatrice, Make-up Artist , Lashmaker, Dermopigmentista con esperienza pluriennale nel settore del Beauty. Se stai cercando una MUA che sappia valorizzarti senza stravolgerti nel tuo giorno pi\u00f9 bello, sono la professionista che fa per te . Il Make-up per me non \u00e8 solo del semplice trucco sul viso, ma &hellip;<\/p>\n<p class=\"read-more\"> <a class=\"\" href=\"https:\/\/thebbmakeup.com\/index.php\/about\/\"> <span class=\"screen-reader-text\">About<\/span> Leggi altro &raquo;<\/a><\/p>\n","protected":false},"author":1,"featured_media":0,"parent":0,"menu_order":0,"comment_status":"closed","ping_status":"closed","template":"","meta":{"site-sidebar-layout":"no-sidebar","site-content-layout":"page-builder","ast-site-content-layout":"","site-content-style":"default","site-sidebar-style":"default","ast-global-header-display":"","ast-banner-title-visibility":"","ast-main-header-display":"","ast-hfb-above-header-display":"","ast-hfb-below-header-display":"","ast-hfb-mobile-header-display":"","site-post-title":"disabled","ast-breadcrumbs-content":"","ast-featured-img":"disabled","footer-sml-layout":"","theme-transparent-header-meta":"enabled","adv-header-id-meta":"","stick-header-meta":"","header-above-stick-meta":"","header-main-stick-meta":"","header-below-stick-meta":"","astra-migrate-meta-layouts":"","footnotes":""},"aioseo_notices":[],"_links":{"self":[{"href":"https:\/\/thebbmakeup.com\/index.php\/wp-json\/wp\/v2\/pages\/950"}],"collection":[{"href":"https:\/\/thebbmakeup.com\/index.php\/wp-json\/wp\/v2\/pages"}],"about":[{"href":"https:\/\/thebbmakeup.com\/index.php\/wp-json\/wp\/v2\/types\/page"}],"author":[{"embeddable":true,"href":"https:\/\/thebbmakeup.com\/index.php\/wp-json\/wp\/v2\/users\/1"}],"replies":[{"embeddable":true,"href":"https:\/\/thebbmakeup.com\/index.php\/wp-json\/wp\/v2\/comments?post=950"}],"version-history":[{"count":13,"href":"https:\/\/thebbmakeup.com\/index.php\/wp-json\/wp\/v2\/pages\/950\/revisions"}],"predecessor-version":[{"id":1507,"href":"https:\/\/thebbmakeup.com\/index.php\/wp-json\/wp\/v2\/pages\/950\/revisions\/1507"}],"wp:attachment":[{"href":"https:\/\/thebbmakeup.com\/index.php\/wp-json\/wp\/v2\/media?parent=950"}],"curies":[{"name":"wp","href":"https:\/\/api.w.org\/{rel}","templated":true}]}}